{"id":1062,"date":"2013-01-11T11:36:16","date_gmt":"2013-01-11T14:36:16","guid":{"rendered":"http:\/\/www.assef.org.br\/portalassef\/?page_id=1062"},"modified":"2015-10-14T17:28:18","modified_gmt":"2015-10-14T20:28:18","slug":"inscricoes-encerradas-pela-internet","status":"publish","type":"page","link":"https:\/\/www.assef.org.br\/portalassef\/inscricoes-encerradas-pela-internet\/","title":{"rendered":"Inscri\u00e7\u00f5es Encerradas pela Internet"},"content":{"rendered":"<h1>Inscri\u00e7\u00f5es de Reserva pela Internet Encerradas<\/h1>\n<h1>Ligue <span style=\"color: #ff0000;\"><strong>0800-600-7622<\/strong> <\/span>durante a semana das 8:30 as 16:30<\/h1>\n<p>&nbsp;<\/p>\n<p>&nbsp;<\/p>\n<h2><strong>Op\u00e7\u00e3o de Inscri\u00e7\u00e3o pela internet, somente a partir do dia 20 de Outubro, 2015 at\u00e9 10 de Janeiro de 2016.<\/strong><\/h2>\n","protected":false},"excerpt":{"rendered":"<p>Inscri\u00e7\u00f5es de Reserva pela Internet Encerradas Ligue 0800-600-7622 durante a semana das 8:30 as 16:30 &nbsp; &nbsp; Op\u00e7\u00e3o de Inscri\u00e7\u00e3o pela internet, somente a partir do dia 20 de Outubro, 2015 at\u00e9 10 de Janeiro de 2016.<\/p>\n","protected":false},"author":2,"featured_media":0,"parent":0,"menu_order":0,"comment_status":"closed","ping_status":"open","template":"","meta":{"_monsterinsights_skip_tracking":false,"_monsterinsights_sitenote_active":false,"_monsterinsights_sitenote_note":"","_monsterinsights_sitenote_category":0,"_uf_show_specific_survey":0,"_uf_disable_surveys":false,"ngg_post_thumbnail":0,"footnotes":""},"aioseo_notices":[],"_links":{"self":[{"href":"https:\/\/www.assef.org.br\/portalassef\/wp-json\/wp\/v2\/pages\/1062"}],"collection":[{"href":"https:\/\/www.assef.org.br\/portalassef\/wp-json\/wp\/v2\/pages"}],"about":[{"href":"https:\/\/www.assef.org.br\/portalassef\/wp-json\/wp\/v2\/types\/page"}],"author":[{"embeddable":true,"href":"https:\/\/www.assef.org.br\/portalassef\/wp-json\/wp\/v2\/users\/2"}],"replies":[{"embeddable":true,"href":"https:\/\/www.assef.org.br\/portalassef\/wp-json\/wp\/v2\/comments?post=1062"}],"version-history":[{"count":9,"href":"https:\/\/www.assef.org.br\/portalassef\/wp-json\/wp\/v2\/pages\/1062\/revisions"}],"predecessor-version":[{"id":3138,"href":"https:\/\/www.assef.org.br\/portalassef\/wp-json\/wp\/v2\/pages\/1062\/revisions\/3138"}],"wp:attachment":[{"href":"https:\/\/www.assef.org.br\/portalassef\/wp-json\/wp\/v2\/media?parent=1062"}],"curies":[{"name":"wp","href":"https:\/\/api.w.org\/{rel}","templated":true}]}}