{"id":531,"date":"2012-06-29T10:31:59","date_gmt":"2012-06-29T13:31:59","guid":{"rendered":"http:\/\/www.assef.org.br\/portalassef\/?page_id=531"},"modified":"2012-06-29T10:32:47","modified_gmt":"2012-06-29T13:32:47","slug":"acervo","status":"publish","type":"page","link":"https:\/\/www.assef.org.br\/portalassef\/acervo\/","title":{"rendered":"Acervo"},"content":{"rendered":"<p>Pedimos a voc\u00ea associado que tenha algum material antigo ou n\u00e3o, relacionado a eventos da Assef, tais como, foto, jornal, mat\u00e9ria, filme, curiosidades, etc., mande-nos para fazer parte de nosso acervo que estamos preparando para apresentar em nossos encontros ou eventos que ser\u00e3o realizados ao longo de nossa gest\u00e3o. N\u00e3o deixe de fazer parte desta hist\u00f3ria. Participe&#8230;<\/p>\n","protected":false},"excerpt":{"rendered":"<p>Pedimos a voc\u00ea associado que tenha algum material antigo ou n\u00e3o, relacionado a eventos da Assef, tais como, foto, jornal, mat\u00e9ria, filme, curiosidades, etc., mande-nos para fazer parte de nosso acervo que estamos preparando para apresentar em nossos encontros ou eventos que ser\u00e3o realizados ao longo de nossa gest\u00e3o. N\u00e3o deixe de fazer parte desta &hellip; <\/p>\n<p><a class=\"more-link btn\" href=\"https:\/\/www.assef.org.br\/portalassef\/acervo\/\">Continue lendo<\/a><\/p>\n","protected":false},"author":1,"featured_media":0,"parent":0,"menu_order":0,"comment_status":"closed","ping_status":"open","template":"","meta":{"_monsterinsights_skip_tracking":false,"_monsterinsights_sitenote_active":false,"_monsterinsights_sitenote_note":"","_monsterinsights_sitenote_category":0,"_uf_show_specific_survey":0,"_uf_disable_surveys":false,"ngg_post_thumbnail":0,"footnotes":""},"aioseo_notices":[],"_links":{"self":[{"href":"https:\/\/www.assef.org.br\/portalassef\/wp-json\/wp\/v2\/pages\/531"}],"collection":[{"href":"https:\/\/www.assef.org.br\/portalassef\/wp-json\/wp\/v2\/pages"}],"about":[{"href":"https:\/\/www.assef.org.br\/portalassef\/wp-json\/wp\/v2\/types\/page"}],"author":[{"embeddable":true,"href":"https:\/\/www.assef.org.br\/portalassef\/wp-json\/wp\/v2\/users\/1"}],"replies":[{"embeddable":true,"href":"https:\/\/www.assef.org.br\/portalassef\/wp-json\/wp\/v2\/comments?post=531"}],"version-history":[{"count":2,"href":"https:\/\/www.assef.org.br\/portalassef\/wp-json\/wp\/v2\/pages\/531\/revisions"}],"predecessor-version":[{"id":534,"href":"https:\/\/www.assef.org.br\/portalassef\/wp-json\/wp\/v2\/pages\/531\/revisions\/534"}],"wp:attachment":[{"href":"https:\/\/www.assef.org.br\/portalassef\/wp-json\/wp\/v2\/media?parent=531"}],"curies":[{"name":"wp","href":"https:\/\/api.w.org\/{rel}","templated":true}]}}