{"id":535,"date":"2012-06-29T10:34:06","date_gmt":"2012-06-29T13:34:06","guid":{"rendered":"http:\/\/www.assef.org.br\/portalassef\/?page_id=535"},"modified":"2012-06-29T10:34:06","modified_gmt":"2012-06-29T13:34:06","slug":"adquira-sua-bolsa-da-assef-ultimas-unidades","status":"publish","type":"page","link":"https:\/\/www.assef.org.br\/portalassef\/adquira-sua-bolsa-da-assef-ultimas-unidades\/","title":{"rendered":"Adquira sua bolsa da ASSEF &#8211; \u00daltimas Unidades"},"content":{"rendered":"<p><a class=\"thickbox\" href=\"http:\/\/www.assef.org.br\/portalassef\/wp-content\/gallery\/loja_assef_bolsas\/bolsa3.jpg\"><img loading=\"lazy\" decoding=\"async\" class=\"ngg-singlepic ngg-none alignleft\" src=\"http:\/\/www.assef.org.br\/portalassef\/wp-content\/gallery\/loja_assef_bolsas\/thumbs\/thumbs_bolsa3.jpg\" alt=\"bolsa3\" width=\"100\" height=\"75\" \/><\/a>Compre sua bolsa da ASSEF; temos v\u00e1rios modelos e tamanhos com pre\u00e7os e condi\u00e7\u00f5es de pagamento \u00f3timos para voc\u00ea. N\u00e3o perca tempo&#8230; estoque limitado&#8230;<\/p>\n<p>&nbsp;<\/p>\nngg_shortcode_0_placeholder\n","protected":false},"excerpt":{"rendered":"<p>Compre sua bolsa da ASSEF; temos v\u00e1rios modelos e tamanhos com pre\u00e7os e condi\u00e7\u00f5es de pagamento \u00f3timos para voc\u00ea. N\u00e3o perca tempo&#8230; estoque limitado&#8230; &nbsp;<\/p>\n","protected":false},"author":1,"featured_media":0,"parent":0,"menu_order":0,"comment_status":"closed","ping_status":"open","template":"","meta":{"_monsterinsights_skip_tracking":false,"_monsterinsights_sitenote_active":false,"_monsterinsights_sitenote_note":"","_monsterinsights_sitenote_category":0,"_uf_show_specific_survey":0,"_uf_disable_surveys":false,"ngg_post_thumbnail":0,"footnotes":""},"aioseo_notices":[],"_links":{"self":[{"href":"https:\/\/www.assef.org.br\/portalassef\/wp-json\/wp\/v2\/pages\/535"}],"collection":[{"href":"https:\/\/www.assef.org.br\/portalassef\/wp-json\/wp\/v2\/pages"}],"about":[{"href":"https:\/\/www.assef.org.br\/portalassef\/wp-json\/wp\/v2\/types\/page"}],"author":[{"embeddable":true,"href":"https:\/\/www.assef.org.br\/portalassef\/wp-json\/wp\/v2\/users\/1"}],"replies":[{"embeddable":true,"href":"https:\/\/www.assef.org.br\/portalassef\/wp-json\/wp\/v2\/comments?post=535"}],"version-history":[{"count":1,"href":"https:\/\/www.assef.org.br\/portalassef\/wp-json\/wp\/v2\/pages\/535\/revisions"}],"predecessor-version":[{"id":536,"href":"https:\/\/www.assef.org.br\/portalassef\/wp-json\/wp\/v2\/pages\/535\/revisions\/536"}],"wp:attachment":[{"href":"https:\/\/www.assef.org.br\/portalassef\/wp-json\/wp\/v2\/media?parent=535"}],"curies":[{"name":"wp","href":"https:\/\/api.w.org\/{rel}","templated":true}]}}