{"id":7403,"date":"2023-10-07T19:07:08","date_gmt":"2023-10-07T22:07:08","guid":{"rendered":"https:\/\/www.assef.org.br\/portalassef\/?page_id=7403"},"modified":"2023-10-07T23:44:35","modified_gmt":"2023-10-08T02:44:35","slug":"inscricoes-encerradas-pela-internet-2023-2024","status":"publish","type":"page","link":"https:\/\/www.assef.org.br\/portalassef\/inscricoes-encerradas-pela-internet-2023-2024\/","title":{"rendered":"Inscri\u00e7\u00f5es Encerradas pela Internet 2023-2024"},"content":{"rendered":"\n<h2 class=\"has-text-align-center has-white-color has-vivid-red-background-color has-text-color has-background wp-block-heading\"> &#x26f1; Inscri\u00e7\u00f5es de Pr\u00e9-reserva pela Internet <strong>Encerradas<\/strong><\/h2>\n\n\n\n<h3 class=\"has-text-align-center wp-block-heading\">TEMPORADA 2023-2024<\/h3>\n\n\n\n<h4 class=\"has-text-align-center wp-block-heading\">Ligue <strong> <strong>41\u20133076-2803 ou  0800 008 2803 <\/strong> <\/strong> durante a semana das 8:00 as 17:00<\/h4>\n\n\n\n<h5 class=\"has-text-align-center wp-block-heading\"><strong>Op\u00e7\u00e3o de Inscri\u00e7\u00e3o pela internet encerrada, entre em contato com a sede em Curitiba<\/strong><\/h5>\n\n\n\n<figure class=\"wp-block-image size-large\"><a href=\"https:\/\/www.assef.org.br\/portalassef\/wp-content\/uploads\/2021\/12\/20211216-ColoniaAssefReformas-6.jpeg\"><img loading=\"lazy\" decoding=\"async\" width=\"1024\" height=\"461\" src=\"https:\/\/www.assef.org.br\/portalassef\/wp-content\/uploads\/2021\/12\/20211216-ColoniaAssefReformas-6-1024x461.jpeg\" alt=\"\" class=\"wp-image-6655\" srcset=\"https:\/\/www.assef.org.br\/portalassef\/wp-content\/uploads\/2021\/12\/20211216-ColoniaAssefReformas-6-1024x461.jpeg 1024w, https:\/\/www.assef.org.br\/portalassef\/wp-content\/uploads\/2021\/12\/20211216-ColoniaAssefReformas-6-300x135.jpeg 300w, https:\/\/www.assef.org.br\/portalassef\/wp-content\/uploads\/2021\/12\/20211216-ColoniaAssefReformas-6-768x346.jpeg 768w, https:\/\/www.assef.org.br\/portalassef\/wp-content\/uploads\/2021\/12\/20211216-ColoniaAssefReformas-6-1536x691.jpeg 1536w, https:\/\/www.assef.org.br\/portalassef\/wp-content\/uploads\/2021\/12\/20211216-ColoniaAssefReformas-6-847x381.jpeg 847w, https:\/\/www.assef.org.br\/portalassef\/wp-content\/uploads\/2021\/12\/20211216-ColoniaAssefReformas-6.jpeg 1600w\" sizes=\"(max-width: 1024px) 100vw, 1024px\" \/><\/a><\/figure>\n\n\n\n<figure class=\"wp-block-image size-large\"><a href=\"https:\/\/www.assef.org.br\/portalassef\/wp-content\/uploads\/2021\/12\/20211216-ColoniaAssefReformas-5.jpeg\"><img loading=\"lazy\" decoding=\"async\" width=\"1024\" height=\"461\" src=\"https:\/\/www.assef.org.br\/portalassef\/wp-content\/uploads\/2021\/12\/20211216-ColoniaAssefReformas-5-1024x461.jpeg\" alt=\"\" class=\"wp-image-6654\" srcset=\"https:\/\/www.assef.org.br\/portalassef\/wp-content\/uploads\/2021\/12\/20211216-ColoniaAssefReformas-5-1024x461.jpeg 1024w, https:\/\/www.assef.org.br\/portalassef\/wp-content\/uploads\/2021\/12\/20211216-ColoniaAssefReformas-5-300x135.jpeg 300w, https:\/\/www.assef.org.br\/portalassef\/wp-content\/uploads\/2021\/12\/20211216-ColoniaAssefReformas-5-768x346.jpeg 768w, https:\/\/www.assef.org.br\/portalassef\/wp-content\/uploads\/2021\/12\/20211216-ColoniaAssefReformas-5-1536x691.jpeg 1536w, https:\/\/www.assef.org.br\/portalassef\/wp-content\/uploads\/2021\/12\/20211216-ColoniaAssefReformas-5-847x381.jpeg 847w, https:\/\/www.assef.org.br\/portalassef\/wp-content\/uploads\/2021\/12\/20211216-ColoniaAssefReformas-5.jpeg 1600w\" sizes=\"(max-width: 1024px) 100vw, 1024px\" \/><\/a><\/figure>\n","protected":false},"excerpt":{"rendered":"<p>&#x26f1; Inscri\u00e7\u00f5es de Pr\u00e9-reserva pela Internet Encerradas TEMPORADA 2023-2024 Ligue 41\u20133076-2803 ou 0800 008 2803 durante a semana das 8:00 as 17:00 Op\u00e7\u00e3o de Inscri\u00e7\u00e3o pela internet encerrada, entre em contato com a sede em Curitiba<\/p>\n","protected":false},"author":1,"featured_media":0,"parent":0,"menu_order":0,"comment_status":"closed","ping_status":"closed","template":"","meta":{"_monsterinsights_skip_tracking":false,"_monsterinsights_sitenote_active":false,"_monsterinsights_sitenote_note":"","_monsterinsights_sitenote_category":0,"_uf_show_specific_survey":0,"_uf_disable_surveys":false,"ngg_post_thumbnail":0,"footnotes":""},"aioseo_notices":[],"_links":{"self":[{"href":"https:\/\/www.assef.org.br\/portalassef\/wp-json\/wp\/v2\/pages\/7403"}],"collection":[{"href":"https:\/\/www.assef.org.br\/portalassef\/wp-json\/wp\/v2\/pages"}],"about":[{"href":"https:\/\/www.assef.org.br\/portalassef\/wp-json\/wp\/v2\/types\/page"}],"author":[{"embeddable":true,"href":"https:\/\/www.assef.org.br\/portalassef\/wp-json\/wp\/v2\/users\/1"}],"replies":[{"embeddable":true,"href":"https:\/\/www.assef.org.br\/portalassef\/wp-json\/wp\/v2\/comments?post=7403"}],"version-history":[{"count":2,"href":"https:\/\/www.assef.org.br\/portalassef\/wp-json\/wp\/v2\/pages\/7403\/revisions"}],"predecessor-version":[{"id":7405,"href":"https:\/\/www.assef.org.br\/portalassef\/wp-json\/wp\/v2\/pages\/7403\/revisions\/7405"}],"wp:attachment":[{"href":"https:\/\/www.assef.org.br\/portalassef\/wp-json\/wp\/v2\/media?parent=7403"}],"curies":[{"name":"wp","href":"https:\/\/api.w.org\/{rel}","templated":true}]}}